{"id":193,"date":"2023-11-09T15:43:11","date_gmt":"2023-11-09T15:43:11","guid":{"rendered":"https:\/\/fuenfzieger.de\/?page_id=193"},"modified":"2024-08-10T09:15:30","modified_gmt":"2024-08-10T09:15:30","slug":"mein-angebot","status":"publish","type":"page","link":"https:\/\/fuenfzieger.de\/?page_id=193","title":{"rendered":"Mein Angebot"},"content":{"rendered":"\n<p><\/p>\n\n\n\n<p><strong>Kommunikation<\/strong><\/p>\n\n\n\n<p>Man kann nicht nicht kommunizieren. Und Kommunikation ist nicht alles &#8211; aber ohne Kommunikation ist alles nichts. Der Mensch ist ein soziales Wesen und lebt von und mit Kommunikation. Beziehungen entstehen durch Kommunikation, Konflikte aber auch. Guter Ansatz: Kommunikation l\u00e4sst sich gestalten. Lassen Sie uns \u00fcber Kommunikation reden.&nbsp;<\/p>\n\n\n\n<p>Mein Angebot:&nbsp;<br>Kommunikation in Pflegebeziehungen, z.B. Praxisanleitung oder F\u00fchrungsverantwortung.&nbsp;<br>\u00d6ffentlichkeitsarbeit und Marketing im Kontext von Pflegefachlichkeit, z.B. Verantwortung f\u00fcr das Unternehmensimage und Social Media.<br>Generationenkonflikte? Welche Generationenkonflikte?<br>Moderation und Beratung in kommunikativen Prozessen, z.B. Teambuilding, Arbeitsgruppen oder Leitbilderstellung.&nbsp;<\/p>\n\n\n\n<p><\/p>\n\n\n\n<p><strong>Politik<\/strong><\/p>\n\n\n\n<p>Nichts ist komplizierter als Gesundheitspolitik: Was gar nicht so anforderungsreich wirkt, ist im politischen Alltag vor allem von Teilinteressen, Machterhalt und Geld gepr\u00e4gt. Was immer seltener als Kenngr\u00f6\u00dfe eine Rolle spielt: Gesundheit. Anders ist nicht zu erkl\u00e4ren, warum Fehlanreize, eine r\u00fcckw\u00e4rts gewandte Pflegepolitik und die Verdr\u00e4ngung demographischer Prozesse so konsequent den Diskurs bestimmen. Guter Ansatz: Politik geschieht nicht, sondern wird von uns allen gestaltet. Lassen Sie uns \u00fcber Politik reden.<\/p>\n\n\n\n<p>Mein Angebot:<br>Gesundheitspolitik in Deutschland f\u00fcr Pflegefachpersonen oder Auszubildende der Pflegeberufe.<br>Interessenvertretung f\u00fcr Pflegefachpersonen in Deutschland: Geschichte, Funktion und Aufgaben.<br>Selbstwirksamkeit und Resistenz als Zugang zu politischen Prozessen.<\/p>\n\n\n\n<p><\/p>\n\n\n\n<p><\/p>\n\n\n\n<p><strong>Nehmen Sie gerne Kontakt mit mir auf&#8230;<\/strong><\/p>\n","protected":false},"excerpt":{"rendered":"<p>Kommunikation Man kann nicht nicht kommunizieren. Und Kommunikation ist nicht alles &#8211; aber ohne Kommunikation ist alles nichts. Der Mensch ist ein soziales Wesen und lebt von und mit Kommunikation. Beziehungen entstehen durch Kommunikation, Konflikte aber auch. Guter Ansatz: Kommunikation l\u00e4sst sich gestalten. Lassen Sie uns \u00fcber Kommunikation reden.&nbsp; Mein Angebot:&nbsp;Kommunikation in Pflegebeziehungen, z.B. Praxisanleitung &hellip; <\/p>\n<p class=\"link-more\"><a href=\"https:\/\/fuenfzieger.de\/?page_id=193\" class=\"more-link\"><span class=\"screen-reader-text\">\u201eMein Angebot\u201c <\/span>weiterlesen<\/a><\/p>\n","protected":false},"author":1,"featured_media":0,"parent":0,"menu_order":2,"comment_status":"closed","ping_status":"closed","template":"","meta":{"footnotes":""},"class_list":["post-193","page","type-page","status-publish","hentry","entry"],"jetpack_sharing_enabled":true,"_links":{"self":[{"href":"https:\/\/fuenfzieger.de\/index.php?rest_route=\/wp\/v2\/pages\/193","targetHints":{"allow":["GET"]}}],"collection":[{"href":"https:\/\/fuenfzieger.de\/index.php?rest_route=\/wp\/v2\/pages"}],"about":[{"href":"https:\/\/fuenfzieger.de\/index.php?rest_route=\/wp\/v2\/types\/page"}],"author":[{"embeddable":true,"href":"https:\/\/fuenfzieger.de\/index.php?rest_route=\/wp\/v2\/users\/1"}],"replies":[{"embeddable":true,"href":"https:\/\/fuenfzieger.de\/index.php?rest_route=%2Fwp%2Fv2%2Fcomments&post=193"}],"version-history":[{"count":6,"href":"https:\/\/fuenfzieger.de\/index.php?rest_route=\/wp\/v2\/pages\/193\/revisions"}],"predecessor-version":[{"id":270,"href":"https:\/\/fuenfzieger.de\/index.php?rest_route=\/wp\/v2\/pages\/193\/revisions\/270"}],"wp:attachment":[{"href":"https:\/\/fuenfzieger.de\/index.php?rest_route=%2Fwp%2Fv2%2Fmedia&parent=193"}],"curies":[{"name":"wp","href":"https:\/\/api.w.org\/{rel}","templated":true}]}}