{"id":43,"date":"2023-06-24T18:48:10","date_gmt":"2023-06-24T18:48:10","guid":{"rendered":"https:\/\/fuenfzieger.de\/?page_id=43"},"modified":"2025-02-03T09:58:45","modified_gmt":"2025-02-03T09:58:45","slug":"homepage","status":"publish","type":"page","link":"https:\/\/fuenfzieger.de\/?page_id=43","title":{"rendered":"\u00dcber mich"},"content":{"rendered":"<div class=\"wp-block-image\">\n<figure class=\"alignleft size-large is-resized\"><img loading=\"lazy\" decoding=\"async\" width=\"683\" height=\"1024\" src=\"https:\/\/fuenfzieger.de\/wp-content\/uploads\/2024\/01\/Krebs-Zieger-5_10_15_360dpi-683x1024.jpg\" alt=\"\" class=\"wp-image-214\" style=\"width:340px;height:auto\" srcset=\"https:\/\/fuenfzieger.de\/wp-content\/uploads\/2024\/01\/Krebs-Zieger-5_10_15_360dpi-683x1024.jpg 683w, https:\/\/fuenfzieger.de\/wp-content\/uploads\/2024\/01\/Krebs-Zieger-5_10_15_360dpi-200x300.jpg 200w, https:\/\/fuenfzieger.de\/wp-content\/uploads\/2024\/01\/Krebs-Zieger-5_10_15_360dpi-768x1152.jpg 768w, https:\/\/fuenfzieger.de\/wp-content\/uploads\/2024\/01\/Krebs-Zieger-5_10_15_360dpi-1024x1536.jpg 1024w, https:\/\/fuenfzieger.de\/wp-content\/uploads\/2024\/01\/Krebs-Zieger-5_10_15_360dpi-1365x2048.jpg 1365w, https:\/\/fuenfzieger.de\/wp-content\/uploads\/2024\/01\/Krebs-Zieger-5_10_15_360dpi.jpg 1417w\" sizes=\"auto, (max-width: 683px) 100vw, 683px\" \/><\/figure>\n<\/div>\n\n\n<h3 class=\"wp-block-heading\">Burkhardt Zieger<\/h3>\n\n\n\n<h4 class=\"wp-block-heading has-text-align-left has-x-large-font-size\">&#8222;Pflege, Politik und Gesellschaft sind untrennbar miteinander verbunden.&#8220;<\/h4>\n\n\n\n<p class=\"has-medium-font-size\">Meine Themen: <a href=\"https:\/\/fuenfzieger.de\/mein-angebot\" data-type=\"page\" data-id=\"193\">Kommunikation und Politik<\/a> f\u00fcr, mit und \u00fcber Pflege. <\/p>\n\n\n\n<p>Guten Tag, mein Name ist Burkhardt Zieger und ich bin Fachkrankenpfleger f\u00fcr An\u00e4sthesie- und Intensivpflege und Praxisanleiter. Ich habe in diesen Handlungsfeldern bald zwanzig Jahre im Krankenhaus gearbeitet. In unterschiedlichen Rollen: ich war Teammitglied auf Intensivstationen und An\u00e4sthesieabteilungen, ich war freigestellter Praxisanleiter f\u00fcr die Fachweiterbildung A&amp;I und die Krankenpflegeausbildung und ich war im Leitungsteam einer Fachweiterbildungseinrichtung. <\/p>\n\n\n\n<p>Im Studium der Soziologie, Politik und Volkswirtschaftslehre habe ich mich mit der \u00d6ffentlichkeitsarbeit von Non-Profit-Organisationen befasst und dann &#8211; nach meiner Zeit im Krankenhaus &#8211; bald zwanzig Jahre Kommunikation und Politik im Deutschen Berufsverband f\u00fcr Pflegeberufe Nordwest betrieben.  <\/p>\n\n\n\n<p>Ich w\u00fcrde also sagen, dass ich Pflege aus ganz unterschiedlichen Perspektiven sehr genau kennengelernt und betrieben habe. Die Erfahrungen, die ich gemacht habe, stelle ich gerne zur Verf\u00fcgung. Und sage ganz selbstbewusst, dass es nicht viele Menschen gibt, die so konzentrierten Einblick in verschiedene Facetten der Pflegefachlichkeit hatten und haben, ich aber einer davon bin. <\/p>\n\n\n\n<p>Und warum <em>Fuenfzieger<\/em>? Die Domain war halt noch frei. Aber es passt ja auch: Dozent, Autor, Moderator, Coach und Berater &#8211; f\u00fcnf Expertenfunktionen zum Thema &#8222;Profession Pflege&#8220;. <\/p>\n\n\n\n<p>Rufen Sie mich <a href=\"https:\/\/fuenfzieger.de\/homepage\/impressum\" data-type=\"link\" data-id=\"https:\/\/fuenfzieger.de\/homepage\/impressum\">doch mal an<\/a>&#8230;<\/p>\n\n\n\n<figure class=\"wp-block-image size-full is-resized\"><img loading=\"lazy\" decoding=\"async\" width=\"914\" height=\"853\" src=\"https:\/\/fuenfzieger.de\/wp-content\/uploads\/2025\/02\/icon-png.1.png\" alt=\"\" class=\"wp-image-295\" style=\"width:451px;height:auto\" srcset=\"https:\/\/fuenfzieger.de\/wp-content\/uploads\/2025\/02\/icon-png.1.png 914w, https:\/\/fuenfzieger.de\/wp-content\/uploads\/2025\/02\/icon-png.1-300x280.png 300w, https:\/\/fuenfzieger.de\/wp-content\/uploads\/2025\/02\/icon-png.1-768x717.png 768w\" sizes=\"auto, (max-width: 914px) 100vw, 914px\" \/><figcaption class=\"wp-element-caption\">Burkhardt Zieger &#8211; Dozent, Autor, Moderator, Coach und Berater<\/figcaption><\/figure>\n\n\n\n<h1 class=\"wp-block-heading has-text-align-left has-x-large-font-size\"><\/h1>\n","protected":false},"excerpt":{"rendered":"<p>Burkhardt Zieger &#8222;Pflege, Politik und Gesellschaft sind untrennbar miteinander verbunden.&#8220; Meine Themen: Kommunikation und Politik f\u00fcr, mit und \u00fcber Pflege. Guten Tag, mein Name ist Burkhardt Zieger und ich bin Fachkrankenpfleger f\u00fcr An\u00e4sthesie- und Intensivpflege und Praxisanleiter. Ich habe in diesen Handlungsfeldern bald zwanzig Jahre im Krankenhaus gearbeitet. In unterschiedlichen Rollen: ich war Teammitglied auf &hellip; <\/p>\n<p class=\"link-more\"><a href=\"https:\/\/fuenfzieger.de\/?page_id=43\" class=\"more-link\"><span class=\"screen-reader-text\">\u201e\u00dcber mich\u201c <\/span>weiterlesen<\/a><\/p>\n","protected":false},"author":2,"featured_media":0,"parent":48,"menu_order":4,"comment_status":"closed","ping_status":"closed","template":"","meta":{"footnotes":""},"class_list":["post-43","page","type-page","status-publish","hentry","entry"],"jetpack_sharing_enabled":true,"_links":{"self":[{"href":"https:\/\/fuenfzieger.de\/index.php?rest_route=\/wp\/v2\/pages\/43","targetHints":{"allow":["GET"]}}],"collection":[{"href":"https:\/\/fuenfzieger.de\/index.php?rest_route=\/wp\/v2\/pages"}],"about":[{"href":"https:\/\/fuenfzieger.de\/index.php?rest_route=\/wp\/v2\/types\/page"}],"author":[{"embeddable":true,"href":"https:\/\/fuenfzieger.de\/index.php?rest_route=\/wp\/v2\/users\/2"}],"replies":[{"embeddable":true,"href":"https:\/\/fuenfzieger.de\/index.php?rest_route=%2Fwp%2Fv2%2Fcomments&post=43"}],"version-history":[{"count":38,"href":"https:\/\/fuenfzieger.de\/index.php?rest_route=\/wp\/v2\/pages\/43\/revisions"}],"predecessor-version":[{"id":305,"href":"https:\/\/fuenfzieger.de\/index.php?rest_route=\/wp\/v2\/pages\/43\/revisions\/305"}],"up":[{"embeddable":true,"href":"https:\/\/fuenfzieger.de\/index.php?rest_route=\/wp\/v2\/pages\/48"}],"wp:attachment":[{"href":"https:\/\/fuenfzieger.de\/index.php?rest_route=%2Fwp%2Fv2%2Fmedia&parent=43"}],"curies":[{"name":"wp","href":"https:\/\/api.w.org\/{rel}","templated":true}]}}