{"id":54,"date":"2023-06-24T19:11:00","date_gmt":"2023-06-24T19:11:00","guid":{"rendered":"https:\/\/fuenfzieger.de\/?page_id=54"},"modified":"2024-01-31T08:39:21","modified_gmt":"2024-01-31T08:39:21","slug":"impressum","status":"publish","type":"page","link":"https:\/\/fuenfzieger.de\/?page_id=54","title":{"rendered":"Kontakt &#038; Impressum"},"content":{"rendered":"\n<p>Burkhardt Zieger<br>Postfach 14 01 07<br>30959 Hemmingen<br><br><a href=\"http:\/\/www.linkedin.com\/in\/burkhardt-zieger\">www.linkedin.com\/in\/burkhardt-zieger<\/a><br><br><a href=\"mailto:info@fuenfzieger.de\">info@fuenfzieger.de <\/a><br>+49 151 42228482<br><br>USt-IdNr.: DE362895314<\/p>\n\n\n\n<p><\/p>\n\n\n\n<p><\/p>\n\n\n\n<p><\/p>\n\n\n\n<p><\/p>\n\n\n\n<h2 class=\"wp-block-heading has-medium-font-size\" style=\"font-style:normal;font-weight:300\"><br><strong>Wer ich bin<\/strong><br>Die Adresse meiner Website ist: <a href=\"https:\/\/fuenfzieger.de\">https:\/\/fuenfzieger.de<\/a>.<\/h2>\n\n\n\n<h2 class=\"wp-block-heading has-medium-font-size\" style=\"font-style:normal;font-weight:300\"><strong>Kommentare<\/strong><br>Wenn bei einzelnen Blog-Beitr\u00e4gen Kommentare zugelassen sind und Besucher Kommentare auf der Website schreiben, werden die Daten gesammelt, die im Kommentar-Formular angezeigt werden, au\u00dferdem die IP-Adresse des Besuchers und den User-Agent-String (damit wird der Browser identifiziert), um die Erkennung von Spam zu unterst\u00fctzen.<br>Aus deiner E-Mail-Adresse kann eine anonymisierte Zeichenfolge erstellt (auch Hash genannt) und dem Gravatar-Dienst \u00fcbergeben werden, um zu pr\u00fcfen, ob du diesen benutzt. Die Datenschutzerkl\u00e4rung des Gravatar-Dienstes findest du hier: <a href=\"https:\/\/automattic.com\/privacy\/\">https:\/\/automattic.com\/privacy\/<\/a>. Nachdem dein Kommentar freigegeben wurde, ist dein Profilbild \u00f6ffentlich im Kontext deines Kommentars sichtbar.<\/h2>\n\n\n\n<h2 class=\"wp-block-heading has-medium-font-size\" style=\"font-style:normal;font-weight:300\"><strong>Medien<\/strong><br>Wenn du ein registrierter Benutzer bist und Fotos auf diese Website l\u00e4dst, solltest du vermeiden, Fotos mit einem EXIF-GPS-Standort hochzuladen. Besucher dieser Website k\u00f6nnten Fotos, die auf dieser Website gespeichert sind, herunterladen und deren Standort-Informationen extrahieren.<\/h2>\n\n\n\n<h2 class=\"wp-block-heading has-medium-font-size\" style=\"font-style:normal;font-weight:300\"><strong>Cookies<\/strong><br>Wenn du einen Kommentar auf meiner Website schreibst, kann das eine Einwilligung sein, deinen Namen, E-Mail-Adresse und Website in Cookies zu speichern. Dies ist eine Komfortfunktion, damit du nicht, wenn du einen weiteren Kommentar schreibst, all diese Daten erneut eingeben musst. Diese Cookies werden ein Jahr lang gespeichert.<br>Falls du ein Konto hast und dich auf dieser Website anmeldest, wird ein tempor\u00e4res Cookie gesetzt, um festzustellen, ob dein Browser Cookies akzeptiert. Dieses Cookie enth\u00e4lt keine personenbezogenen Daten und wird verworfen, wenn du deinen Browser schlie\u00dft.<br>Wenn du dich anmeldest, werden einige Cookies eingerichtet, um deine Anmeldeinformationen und Anzeigeoptionen zu speichern. Anmelde-Cookies verfallen nach zwei Tagen und Cookies f\u00fcr die Anzeigeoptionen nach einem Jahr. Falls du bei der Anmeldung \u201eAngemeldet bleiben\u201c ausw\u00e4hlst, wird deine Anmeldung zwei Wochen lang aufrechterhalten. Mit der Abmeldung aus deinem Konto werden die Anmelde-Cookies gel\u00f6scht.<br>Wenn du einen Artikel bearbeitest oder ver\u00f6ffentlichst, wird ein zus\u00e4tzlicher Cookie in deinem Browser gespeichert. Dieser Cookie enth\u00e4lt keine personenbezogenen Daten und verweist nur auf die Beitrags-ID des Artikels, den du gerade bearbeitet hast. Der Cookie verf\u00e4llt nach einem Tag.<\/h2>\n\n\n\n<h2 class=\"wp-block-heading has-medium-font-size\" style=\"font-style:normal;font-weight:300\"><strong>Eingebettete Inhalte von anderen Websites<\/strong><br>Beitr\u00e4ge auf dieser Website k\u00f6nnen eingebettete Inhalte beinhalten (z.\u00a0B. Videos, Bilder, Beitr\u00e4ge etc.). Eingebettete Inhalte von anderen Websites verhalten sich exakt so, als ob der Besucher die andere Website besucht h\u00e4tte.<br>Diese Websites k\u00f6nnen Daten \u00fcber dich sammeln, Cookies benutzen, zus\u00e4tzliche Tracking-Dienste von Dritten einbetten und deine Interaktion mit diesem eingebetteten Inhalt aufzeichnen, inklusive deiner Interaktion mit dem eingebetteten Inhalt, falls du ein Konto hast und auf dieser Website angemeldet bist.<\/h2>\n\n\n\n<h2 class=\"wp-block-heading has-medium-font-size\" style=\"font-style:normal;font-weight:300\"><strong>Mit wem deine Daten geteilt werden<\/strong><br>Wenn du eine Zur\u00fccksetzung des Passworts beantragst, wird deine IP-Adresse in der E-Mail zur Zur\u00fccksetzung enthalten sein.<\/h2>\n\n\n\n<h2 class=\"wp-block-heading has-medium-font-size\" style=\"font-style:normal;font-weight:300\"><strong>Wie lange werden deine Daten gespeichert<\/strong><br>Wenn du einen Kommentar schreibst, wird dieser inklusive Metadaten zeitlich unbegrenzt gespeichert. Auf diese Art k\u00f6nnen Folgekommentare automatisch erkannt und freigegeben werden, anstatt sie in einer Moderations-Warteschlange festzuhalten.<\/h2>\n\n\n\n<h2 class=\"wp-block-heading has-medium-font-size\" style=\"font-style:normal;font-weight:300\"><strong>Welche Rechte du an deinen Daten hast<\/strong><br>Sofern diese Website die M\u00f6glichkeit vorh\u00e4lt, einen Benutzeraccount einzurichten, kannst du die L\u00f6schung aller personenbezogenen Daten, die in diesem Falle von dir gespeichert werden k\u00f6nnten, anfordern. Dies umfasst nicht die Daten, die aufgrund administrativer, rechtlicher oder sicherheitsrelevanter Notwendigkeiten aufbewahren m\u00fcssen.<\/h2>\n\n\n\n<h2 class=\"wp-block-heading has-medium-font-size\" style=\"font-style:normal;font-weight:300\"><strong>Wohin deine Daten gesendet werden<\/strong><br>Besucher-Kommentare k\u00f6nnten von einem automatisierten Dienst zur Spam-Erkennung untersucht werden.<\/h2>\n\n\n\n<p><\/p>\n","protected":false},"excerpt":{"rendered":"<p>Burkhardt ZiegerPostfach 14 01 0730959 Hemmingen www.linkedin.com\/in\/burkhardt-zieger info@fuenfzieger.de +49 151 42228482 USt-IdNr.: DE362895314 Wer ich binDie Adresse meiner Website ist: https:\/\/fuenfzieger.de. KommentareWenn bei einzelnen Blog-Beitr\u00e4gen Kommentare zugelassen sind und Besucher Kommentare auf der Website schreiben, werden die Daten gesammelt, die im Kommentar-Formular angezeigt werden, au\u00dferdem die IP-Adresse des Besuchers und den User-Agent-String (damit wird der &hellip; <\/p>\n<p class=\"link-more\"><a href=\"https:\/\/fuenfzieger.de\/?page_id=54\" class=\"more-link\"><span class=\"screen-reader-text\">\u201eKontakt &#038; Impressum\u201c <\/span>weiterlesen<\/a><\/p>\n","protected":false},"author":1,"featured_media":0,"parent":0,"menu_order":3,"comment_status":"closed","ping_status":"closed","template":"","meta":{"footnotes":""},"class_list":["post-54","page","type-page","status-publish","hentry","entry"],"jetpack_sharing_enabled":true,"_links":{"self":[{"href":"https:\/\/fuenfzieger.de\/index.php?rest_route=\/wp\/v2\/pages\/54","targetHints":{"allow":["GET"]}}],"collection":[{"href":"https:\/\/fuenfzieger.de\/index.php?rest_route=\/wp\/v2\/pages"}],"about":[{"href":"https:\/\/fuenfzieger.de\/index.php?rest_route=\/wp\/v2\/types\/page"}],"author":[{"embeddable":true,"href":"https:\/\/fuenfzieger.de\/index.php?rest_route=\/wp\/v2\/users\/1"}],"replies":[{"embeddable":true,"href":"https:\/\/fuenfzieger.de\/index.php?rest_route=%2Fwp%2Fv2%2Fcomments&post=54"}],"version-history":[{"count":14,"href":"https:\/\/fuenfzieger.de\/index.php?rest_route=\/wp\/v2\/pages\/54\/revisions"}],"predecessor-version":[{"id":248,"href":"https:\/\/fuenfzieger.de\/index.php?rest_route=\/wp\/v2\/pages\/54\/revisions\/248"}],"wp:attachment":[{"href":"https:\/\/fuenfzieger.de\/index.php?rest_route=%2Fwp%2Fv2%2Fmedia&parent=54"}],"curies":[{"name":"wp","href":"https:\/\/api.w.org\/{rel}","templated":true}]}}